{"id":2,"date":"2016-11-25T10:29:07","date_gmt":"2016-11-25T09:29:07","guid":{"rendered":"http:\/\/wassergenossenschaft-tragwein.at\/?page_id=2"},"modified":"2026-02-24T10:08:20","modified_gmt":"2026-02-24T09:08:20","slug":"beispiel-seite","status":"publish","type":"page","link":"https:\/\/www.wassergenossenschaft-tragwein.at\/cms\/","title":{"rendered":"Startseite"},"content":{"rendered":"<h3><strong>Herzlich Willkommen bei der Wassergenossenschaft Tragwein<\/strong><\/h3>\n<p>Die Wassergenossenschaft Tragwein versorgt das Ortsgebiet von Tragwein, Teile der Ortschaften Fraundorf, Lugendorf und Mistlberg sowie einzelne an das Versorgungsgebiet angrenzende Objekte aus Baumgarten und Haarland\u00a0mit Trink-, Nutz- und L\u00f6schwasser.<\/p>\n<p>Das sind insgesamt 560 Haushalte, Gewerbebetriebe, \u00f6ffentliche Einrichtungen wie Kindergarten und Schulen bzw. rd. 2.100 Personen und damit mehr als die H\u00e4lfte der Einwohner Tragweins.<\/p>\n<p>Das Formular f\u00fcr Wasseransuchen und eine Einbauskizze f\u00fcr den Wasserz\u00e4hler finden Sie unter &#8222;<a href=\"http:\/\/wassergenossenschaft-tragwein.at\/rechtliches\/\">Rechtliches<\/a>&#8222;.<\/p>\n<h1><span style=\"color: #ff6600;\"><strong>Mitarbeiter gesucht<\/strong><\/span><\/h1>\n<p>Wir suchen ab sofort zur Verst\u00e4rkung unseres Teams einen<\/p>\n<p><strong><u>Wasserwart<\/u><\/strong><\/p>\n<p><strong>geringf\u00fcgige Besch\u00e4ftigung<\/strong><\/p>\n<p><strong>(bis zu 20 Stunden\/Monat)<\/strong><\/p>\n<p>Die Wartung unseres Wassernetzes und die Erstellung von Hausanschl\u00fcssen f\u00e4llt in Ihren Aufgabenbereich. Sie sind flexibel bei der Arbeitszeit und haben weitgehend selbstst\u00e4ndige Zeiteinteilung. Ein eigener Traktor w\u00e4re f\u00fcr diese Aufgabe von Vorteil.<\/p>\n<p>Alles Wissenswertes, sowie weitere detaillierte Informationen zu den Aufgaben und Anforderungen, erhalten Sie bei der Wassergenossenschaft Tragwein.<\/p>\n<p>Wenn Sie Interesse an einer verantwortungsvollen Aufgabe mit hoher Bedeutung f\u00fcr unsere Mitglieder haben, freuen wir uns \u00fcber Ihre Kontaktaufnahme. Bitte wenden Sie sich an die WG Tragwein, Markt 6a, (0660 4284025) per Mail an <a href=\"mailto:office@wassergenossenschaft-tragwein.at\">office@wassergenossenschaft-tragwein.at<\/a> oder an unseren Obmann Wolfgang Altzinger, Tel.: 0676 8142 84456.<\/p>\n<p>\u00a0<\/p>\n<h1><span style=\"color: #ff6600;\"><strong>Geb\u00fchrenanpassung ab April 2026<\/strong><\/span><\/h1>\n<p>Auch wenn wir einen Teil des Wasserbedarfs mit kosteng\u00fcnstigen, weil frei zuflie\u00dfendem Quellwasser abdecken k\u00f6nnen, erfordert der steigende Wasserverbrauch und der zunehmende Spitzenverbrauch wesentlich h\u00f6here Entnahmen aus unseren Tiefbrunnen. Dadurch entstehen h\u00f6here Pumpkosten. Auch der finanzielle Aufwand f\u00fcr die immer umfangreicheren Wasserschutzma\u00dfnahmen und Trinkwasseruntersuchungen steigt st\u00e4ndig. Zus\u00e4tzlich treffen auch uns die steigenden Kosten, besonders im Bereich der Energie.<\/p>\n<p>Unsere Aufgabe besteht in der Versorgung unserer Mitglieder mit qualitativ hochwertigem Wasser. Um das zu gew\u00e4hrleisten ist eine entsprechende Kostendeckung wesentlich. Trotz sparsamen Betriebes und vielen ehrenamtlich erbrachten Leistungen haben wir dennoch beschlossen, die Geb\u00fchren ab April 2026 anzuheben.<\/p>\n<p>Wir freuen uns, dass wir unsere Geb\u00fchren im Vergleich zu anderen Wasserversorgern immer noch g\u00fcnstiger gestalten k\u00f6nnen. Als Beispiel, wie sich die Erh\u00f6hung auswirkt, m\u00f6chten wir einen Haushalt mit einem Verbrauch von 240 m\u00b3 Wasser, entspricht dem durchschnittlichen Haushaltsverbrauch im Jahr, anf\u00fchren. Die Erh\u00f6hung von 9 Cent pro m\u00b3 erh\u00f6ht die monatlichen Kosten bei diesem Beispiel um Euro 1,80 inkl. 10% Ust.<\/p>\n<p><strong>Bereitstellungs- und Verbrauchsgeb\u00fchren (inkl. 10 % Ust) ab April 2026<\/strong><\/p>\n<p><strong>Wasserbezugsgeb\u00fchr:<\/strong> von \u20ac 1,75\/m\u00b3 auf \u20ac 1,84\/m\u00b3\u00a0\u00a0\u00a0\u00a0\u00a0\u00a0\u00a0<\/p>\n<p><strong>Bereitstellungsgeb\u00fchren:<\/strong><\/p>\n<p>Standardz\u00e4hler bis 4 m\u00b3\/h\u00a0 \u00a0 \u00a0 \u00a0 \u00a0 \u00a0von \u20ac 60,50 auf \u20ac 63,53 \/ Jahr<\/p>\n<p>Z\u00e4hler \u00fcber 10 m\u00b3\/h\u00a0 \u00a0 \u00a0 \u00a0 \u00a0 \u00a0 \u00a0 \u00a0 \u00a0 \u00a0 von \u20ac 102,00 auf \u20ac 107,10 \/ Jahr<\/p>\n<p><img decoding=\"async\" class=\"alignright size-full wp-image-598\" src=\"http:\/\/www.wassergenossenschaft-tragwein.at\/wp-content\/uploads\/2020\/07\/TWT2020VorlageAussendungBev\u00f6lkerung.jpg\" alt=\"\" \/><strong style=\"font-size: revert; color: initial;\">Mindestanschlussgeb\u00fchr:<\/strong><\/p>\n<p>bei einer Bemessungsfl\u00e4che bis 160 m\u00b2 von \u20ac 2.752,20,&#8211; auf \u20ac 2.889,81<\/p>\n<p>Anschlussgeb\u00fchrensatz je m\u00b2: von \u20ac 17,20 auf \u20ac 18,06<\/p>\n<p>Anschlussgeb\u00fchrensatz je m\u00b2 bei verdichteten Wohnraum: von \u20ac 25,80 auf \u20ac 27,08<\/p>\n<h1>\u00a0<\/h1>\n<h1><span style=\"color: #ff6600;\">Trinkwasserfilter Selbstwartung<\/span><\/h1>\n<p><strong><u>Zweck und Technik <\/u><\/strong><\/p>\n<p>In vielen Trinkwasser-Installationen ist direkt hinter der Wasserz\u00e4hleranlage ein mechanischer Filter eingebaut. Er verhindert, dass Feststoffe wie Sand oder Rost in die Trinkwasser-Installation gelangen und dort Korrosion oder Fehlfunktionen verursachen. Ablagerungen im Filter k\u00f6nnen zudem als N\u00e4hrboden f\u00fcr Keime dienen. Es gibt <strong>r\u00fccksp\u00fclbare<\/strong> und <strong>nicht r\u00fccksp\u00fclbare<\/strong> Filter. Letztere besitzen einen austauschbaren Filtereinsatz.<\/p>\n<p><strong><u>Wartung &#8211; Das sollten Sie selbst tun<\/u><\/strong><\/p>\n<p>Mechanische Filter sollten mindestens alle sechs Monate gepr\u00fcft und gewartet werden. Achten Sie dabei auf m\u00f6gliche Auff\u00e4lligkeiten, wie Wasseraustritt oder sichtbare Schmutzablagerungen. Die Wartung k\u00f6nnen Sie gem\u00e4\u00df der Herstelleranleitung selbst durchf\u00fchren.<\/p>\n<ul>\n<li><strong>R\u00fccksp\u00fclbare Filter<\/strong>: Hier gen\u00fcgt es, den Filter zu sp\u00fclen.<\/li>\n<li><strong>Nicht r\u00fccksp\u00fclbare Filter<\/strong>: Der Filtereinsatz muss gewartet und bei Bedarf ausgetauscht werden.<\/li>\n<\/ul>\n<p>Da Sie beim Wechsel des Filtereinsatzes direkt am Trinkwasser arbeiten, lesen Sie unbedingt die Einbauanleitung und Herstellerangaben sorgf\u00e4ltig durch und achten Sie auf Sauberkeit!<\/p>\n\n\n<p><\/p>\n","protected":false},"excerpt":{"rendered":"Herzlich Willkommen bei der Wassergenossenschaft Tragwein Die Wassergenossenschaft Tragwein versorgt das Ortsgebiet von Tragwein, Teile der Ortschaften Fraundorf, Lugendorf und Mistlberg sowie einzelne an das Versorgungsgebiet angrenzende Objekte aus Baumgarten und Haarland\u00a0mit Trink-, Nutz- und L\u00f6schwasser. Das sind insgesamt 560 Haushalte, Gewerbebetriebe, \u00f6ffentliche Einrichtungen wie Kindergarten und Schulen bzw. rd. 2.100 Personen und damit mehr&#8230; <a class=\"view-article\" href=\"https:\/\/www.wassergenossenschaft-tragwein.at\/cms\/\">Artikel ansehen<\/a>","protected":false},"author":1,"featured_media":0,"parent":0,"menu_order":0,"comment_status":"closed","ping_status":"closed","template":"","meta":{"footnotes":""},"class_list":["post-2","page","type-page","status-publish","hentry"],"_links":{"self":[{"href":"https:\/\/www.wassergenossenschaft-tragwein.at\/cms\/wp-json\/wp\/v2\/pages\/2","targetHints":{"allow":["GET"]}}],"collection":[{"href":"https:\/\/www.wassergenossenschaft-tragwein.at\/cms\/wp-json\/wp\/v2\/pages"}],"about":[{"href":"https:\/\/www.wassergenossenschaft-tragwein.at\/cms\/wp-json\/wp\/v2\/types\/page"}],"author":[{"embeddable":true,"href":"https:\/\/www.wassergenossenschaft-tragwein.at\/cms\/wp-json\/wp\/v2\/users\/1"}],"replies":[{"embeddable":true,"href":"https:\/\/www.wassergenossenschaft-tragwein.at\/cms\/wp-json\/wp\/v2\/comments?post=2"}],"version-history":[{"count":196,"href":"https:\/\/www.wassergenossenschaft-tragwein.at\/cms\/wp-json\/wp\/v2\/pages\/2\/revisions"}],"predecessor-version":[{"id":1254,"href":"https:\/\/www.wassergenossenschaft-tragwein.at\/cms\/wp-json\/wp\/v2\/pages\/2\/revisions\/1254"}],"wp:attachment":[{"href":"https:\/\/www.wassergenossenschaft-tragwein.at\/cms\/wp-json\/wp\/v2\/media?parent=2"}],"curies":[{"name":"wp","href":"https:\/\/api.w.org\/{rel}","templated":true}]}}