{"id":51,"date":"2016-11-25T17:11:39","date_gmt":"2016-11-25T16:11:39","guid":{"rendered":"http:\/\/wassergenossenschaft-tragwein.at\/?page_id=51"},"modified":"2026-04-14T07:51:12","modified_gmt":"2026-04-14T05:51:12","slug":"gebuehren","status":"publish","type":"page","link":"https:\/\/www.wassergenossenschaft-tragwein.at\/cms\/gebuehren\/","title":{"rendered":"Geb\u00fchren"},"content":{"rendered":"\n<div class=\"wp-block-columns is-layout-flex wp-container-core-columns-is-layout-2 wp-block-columns-is-layout-flex\">\n<div class=\"wp-block-column is-layout-flow wp-block-column-is-layout-flow\" style=\"flex-basis:100%\">\n<div class=\"wp-block-group\"><div class=\"wp-block-group__inner-container is-layout-flow wp-block-group-is-layout-flow\">\n<div class=\"wp-block-columns is-layout-flex wp-container-core-columns-is-layout-1 wp-block-columns-is-layout-flex\">\n<div class=\"wp-block-column is-layout-flow wp-block-column-is-layout-flow\" style=\"flex-basis:100%\">\n<p>Geb\u00fchren im \u00dcberblick (inkl. 10% Ust.):<\/p>\n<ul>\n<li><strong>Anschlu\u00dfgeb\u00fchr (\u00a7 2)<\/strong><br \/><strong>\u20ac 2.889,81<\/strong>\u00a0Mindestanschlussgeb\u00fchr bei 160 m\u00b2 Verrechnungsfl\u00e4che<\/li>\n<\/ul>\n<hr \/>\n<ul>\n<li><strong>Wasserbezugsgeb\u00fchr (\u00a7 6)<\/strong><strong><br \/>\u20ac 1,84 <\/strong>\/m\u00b3<\/li>\n<\/ul>\n<hr \/>\n<ul>\n<li><strong>Bereitstellungsgeb\u00fchr (\u00a7 6)<\/strong><br \/><strong>mindestens \u20ac 63,53<\/strong>\u00a0\/ Jahr<\/li>\n<\/ul>\n<p><a href=\"https:\/\/www.wassergenossenschaft-tragwein.at\/wp-content\/uploads\/2025\/01\/Tarifliste-ab-01.04.2025.pdf\">Tarifliste, g\u00fcltig ab 01.04.2025<\/a><\/p>\n<p><a href=\"https:\/\/www.wassergenossenschaft-tragwein.at\/wp-content\/uploads\/2026\/02\/Tarifliste-ab-01.04.2026.pdf\">Tarifliste, g\u00fcltig ab 01.04.2026<\/a><\/p>\n<\/div>\n<\/div>\n<\/div><\/div>\n<\/div>\n<\/div>\n\n\n\n<p><\/p>\n\n\n","protected":false},"excerpt":{"rendered":"Geb\u00fchren im \u00dcberblick (inkl. 10% Ust.): Anschlu\u00dfgeb\u00fchr (\u00a7 2)\u20ac 2.889,81\u00a0Mindestanschlussgeb\u00fchr bei 160 m\u00b2 Verrechnungsfl\u00e4che Wasserbezugsgeb\u00fchr (\u00a7 6)\u20ac 1,84 \/m\u00b3 Bereitstellungsgeb\u00fchr (\u00a7 6)mindestens \u20ac 63,53\u00a0\/ Jahr Tarifliste, g\u00fcltig ab 01.04.2025 Tarifliste, g\u00fcltig ab 01.04.2026","protected":false},"author":1,"featured_media":0,"parent":0,"menu_order":0,"comment_status":"closed","ping_status":"closed","template":"","meta":{"footnotes":""},"class_list":["post-51","page","type-page","status-publish","hentry"],"_links":{"self":[{"href":"https:\/\/www.wassergenossenschaft-tragwein.at\/cms\/wp-json\/wp\/v2\/pages\/51","targetHints":{"allow":["GET"]}}],"collection":[{"href":"https:\/\/www.wassergenossenschaft-tragwein.at\/cms\/wp-json\/wp\/v2\/pages"}],"about":[{"href":"https:\/\/www.wassergenossenschaft-tragwein.at\/cms\/wp-json\/wp\/v2\/types\/page"}],"author":[{"embeddable":true,"href":"https:\/\/www.wassergenossenschaft-tragwein.at\/cms\/wp-json\/wp\/v2\/users\/1"}],"replies":[{"embeddable":true,"href":"https:\/\/www.wassergenossenschaft-tragwein.at\/cms\/wp-json\/wp\/v2\/comments?post=51"}],"version-history":[{"count":61,"href":"https:\/\/www.wassergenossenschaft-tragwein.at\/cms\/wp-json\/wp\/v2\/pages\/51\/revisions"}],"predecessor-version":[{"id":1266,"href":"https:\/\/www.wassergenossenschaft-tragwein.at\/cms\/wp-json\/wp\/v2\/pages\/51\/revisions\/1266"}],"wp:attachment":[{"href":"https:\/\/www.wassergenossenschaft-tragwein.at\/cms\/wp-json\/wp\/v2\/media?parent=51"}],"curies":[{"name":"wp","href":"https:\/\/api.w.org\/{rel}","templated":true}]}}